{"id":50,"date":"2014-05-11T17:36:50","date_gmt":"2014-05-11T16:36:50","guid":{"rendered":"http:\/\/giganet.co.at\/wordpress\/?page_id=50"},"modified":"2022-08-08T10:41:19","modified_gmt":"2022-08-08T09:41:19","slug":"eines-ueber-uns","status":"publish","type":"page","link":"https:\/\/giganet.co.at\/wordpress\/eines-ueber-uns\/","title":{"rendered":"Eines \u00fcber uns"},"content":{"rendered":"<p><strong><span style=\"text-decoration: underline;\"><span style=\"color: #000080;\">Eines \u00fcber uns:<\/span><\/span><\/strong><\/p>\n<p>&nbsp;<\/p>\n<p><span style=\"color: #000000;\">Die Firma GiGaNet ist seit mehr als 20ig Jahren im Netzwerktechnik Bereich t\u00e4tig. Wir bieten Glasfaserpower und Internet \u00fcber Richtfunkverbindungen seit \u00fcber 20 Jahren.<\/span><\/p>\n<p>Die Wichtigkeit von Highspeedinternet wurde schon sehr fr\u00fch erkannt und umgesetzt.<\/p>\n<p>GiGaNet ist ihr Partner in Sachen WWW.<\/p>\n<p>&nbsp;<\/p>\n<p>Desweiteren ist GiGaNet.at Scalecomputing GOLD Partner<\/p>\n<p>&nbsp;<\/p>\n<p>&nbsp;<\/p>\n<p>&nbsp;<\/p>\n","protected":false},"excerpt":{"rendered":"<p>Eines \u00fcber uns: &nbsp; Die Firma GiGaNet ist seit mehr als 20ig Jahren im Netzwerktechnik Bereich t\u00e4tig. Wir bieten Glasfaserpower und Internet \u00fcber Richtfunkverbindungen seit \u00fcber 20 Jahren. Die Wichtigkeit von Highspeedinternet wurde schon sehr fr\u00fch erkannt und umgesetzt. GiGaNet ist ihr Partner in Sachen WWW. &nbsp; Desweiteren ist GiGaNet.at Scalecomputing GOLD Partner &nbsp; &nbsp; [&hellip;]<\/p>\n","protected":false},"author":2,"featured_media":0,"parent":0,"menu_order":0,"comment_status":"closed","ping_status":"closed","template":"","meta":[],"_links":{"self":[{"href":"https:\/\/giganet.co.at\/wordpress\/wp-json\/wp\/v2\/pages\/50"}],"collection":[{"href":"https:\/\/giganet.co.at\/wordpress\/wp-json\/wp\/v2\/pages"}],"about":[{"href":"https:\/\/giganet.co.at\/wordpress\/wp-json\/wp\/v2\/types\/page"}],"author":[{"embeddable":true,"href":"https:\/\/giganet.co.at\/wordpress\/wp-json\/wp\/v2\/users\/2"}],"replies":[{"embeddable":true,"href":"https:\/\/giganet.co.at\/wordpress\/wp-json\/wp\/v2\/comments?post=50"}],"version-history":[{"count":6,"href":"https:\/\/giganet.co.at\/wordpress\/wp-json\/wp\/v2\/pages\/50\/revisions"}],"predecessor-version":[{"id":242,"href":"https:\/\/giganet.co.at\/wordpress\/wp-json\/wp\/v2\/pages\/50\/revisions\/242"}],"wp:attachment":[{"href":"https:\/\/giganet.co.at\/wordpress\/wp-json\/wp\/v2\/media?parent=50"}],"curies":[{"name":"wp","href":"https:\/\/api.w.org\/{rel}","templated":true}]}}