{"id":6,"date":"2014-01-15T20:10:55","date_gmt":"2014-01-15T19:10:55","guid":{"rendered":"http:\/\/giganet.co.at\/wordpress\/?page_id=6"},"modified":"2020-05-26T09:41:07","modified_gmt":"2020-05-26T08:41:07","slug":"neue-page","status":"publish","type":"page","link":"https:\/\/giganet.co.at\/wordpress\/neue-page\/","title":{"rendered":"Unsere Aufgaben"},"content":{"rendered":"<p><a href=\"https:\/\/giganet.co.at\/wordpress\/wp-content\/uploads\/2014\/01\/2000_hu.jpg\" ><img decoding=\"async\" loading=\"lazy\" class=\"alignnone size-medium wp-image-39\" src=\"https:\/\/giganet.co.at\/wordpress\/wp-content\/uploads\/2014\/01\/2000_hu-300x200.jpg\" alt=\"2000_hu\" width=\"300\" height=\"200\" srcset=\"https:\/\/giganet.co.at\/wordpress\/wp-content\/uploads\/2014\/01\/2000_hu-300x200.jpg 300w, https:\/\/giganet.co.at\/wordpress\/wp-content\/uploads\/2014\/01\/2000_hu-1024x682.jpg 1024w\" sizes=\"(max-width: 300px) 100vw, 300px\" \/><\/a><\/p>\n<p>&nbsp;<\/p>\n<p>&nbsp;<\/p>\n<p>Zu unseren Aufgaben z\u00e4hlen nicht nur die ISP, professionelle Remote Access- und Security- L\u00f6sungen sondern wir stehen auch \u00a0von der Planung, Angebotsphase bis zur Implantierung, Installation und laufenden Wartung zur Verf\u00fcgung. Zur Abwehr eines breiten Spektrums von Anti-Spy-Software\u00a0etc. haben wir ein gut ausgew\u00e4hltes Portfolio erstellt. Dazu geh\u00f6ren ebenfalls professionelle Mail-Security L\u00f6sungen.<\/p>\n<p>&nbsp;<\/p>\n<p>&nbsp;<\/p>\n<p>&nbsp;<\/p>\n<p>&nbsp;<\/p>\n","protected":false},"excerpt":{"rendered":"<p>&nbsp; &nbsp; Zu unseren Aufgaben z\u00e4hlen nicht nur die ISP, professionelle Remote Access- und Security- L\u00f6sungen sondern wir stehen auch \u00a0von der Planung, Angebotsphase bis zur Implantierung, Installation und laufenden Wartung zur Verf\u00fcgung. Zur Abwehr eines breiten Spektrums von Anti-Spy-Software\u00a0etc. haben wir ein gut ausgew\u00e4hltes Portfolio erstellt. Dazu geh\u00f6ren ebenfalls professionelle Mail-Security L\u00f6sungen. &nbsp; &nbsp; [&hellip;]<\/p>\n","protected":false},"author":1,"featured_media":0,"parent":0,"menu_order":0,"comment_status":"closed","ping_status":"closed","template":"custom-page.php","meta":[],"_links":{"self":[{"href":"https:\/\/giganet.co.at\/wordpress\/wp-json\/wp\/v2\/pages\/6"}],"collection":[{"href":"https:\/\/giganet.co.at\/wordpress\/wp-json\/wp\/v2\/pages"}],"about":[{"href":"https:\/\/giganet.co.at\/wordpress\/wp-json\/wp\/v2\/types\/page"}],"author":[{"embeddable":true,"href":"https:\/\/giganet.co.at\/wordpress\/wp-json\/wp\/v2\/users\/1"}],"replies":[{"embeddable":true,"href":"https:\/\/giganet.co.at\/wordpress\/wp-json\/wp\/v2\/comments?post=6"}],"version-history":[{"count":9,"href":"https:\/\/giganet.co.at\/wordpress\/wp-json\/wp\/v2\/pages\/6\/revisions"}],"predecessor-version":[{"id":229,"href":"https:\/\/giganet.co.at\/wordpress\/wp-json\/wp\/v2\/pages\/6\/revisions\/229"}],"wp:attachment":[{"href":"https:\/\/giganet.co.at\/wordpress\/wp-json\/wp\/v2\/media?parent=6"}],"curies":[{"name":"wp","href":"https:\/\/api.w.org\/{rel}","templated":true}]}}